{"id":12105,"date":"2024-10-08T11:57:07","date_gmt":"2024-10-08T09:57:07","guid":{"rendered":"https:\/\/trustmedia.be\/?page_id=12105"},"modified":"2024-10-08T17:09:43","modified_gmt":"2024-10-08T15:09:43","slug":"semaine-ia","status":"publish","type":"page","link":"https:\/\/trustmedia.be\/fr\/semaine-ia\/","title":{"rendered":"semaine IA"},"content":{"rendered":"\n<figure class=\"wp-block-image size-large\"><img loading=\"lazy\" decoding=\"async\" width=\"1320\" height=\"227\" src=\"https:\/\/trustmedia.be\/media\/241008_AIweek_1200_online2-2-1320x227.png\" alt=\"Un monde sans l\u2019IA, un monde sans innovation ? \" class=\"wp-image-12132\" srcset=\"https:\/\/trustmedia.be\/media\/241008_AIweek_1200_online2-2-1320x227.png 1320w, https:\/\/trustmedia.be\/media\/241008_AIweek_1200_online2-2-660x113.png 660w, https:\/\/trustmedia.be\/media\/241008_AIweek_1200_online2-2-768x132.png 768w, https:\/\/trustmedia.be\/media\/241008_AIweek_1200_online2-2-1536x264.png 1536w, https:\/\/trustmedia.be\/media\/241008_AIweek_1200_online2-2-2048x351.png 2048w\" sizes=\"auto, (max-width: 1320px) 100vw, 1320px\" \/><\/figure>\n\n\n\n<div style=\"height:50px\" aria-hidden=\"true\" class=\"wp-block-spacer\"><\/div>\n\n\n\n<p class=\"has-medium-font-size\">Que signifie l\u2019intelligence artificielle pour votre organisation ? <br>En quoi votre expertise en mati\u00e8re d\u2019intelligence artificielle peut-elle \u00eatre utile \u00e0 d&rsquo;autres organisations ?\u00a0<\/p>\n\n\n\n<p>Partagez vos id\u00e9es et expertises pendant <strong>la semaine de l\u2019IA <\/strong>de Tijd Connect | Echo Connect.\u00a0\u00a0<\/p>\n\n\n\n<p>Laissez-nous vos coordonn\u00e9es et nous vous contacterons pour discuter des possibilit\u00e9s.\u00a0<\/p>\n\n\n\n<div style=\"height:25px\" aria-hidden=\"true\" class=\"wp-block-spacer\"><\/div>\n\n\n\n<hr class=\"wp-block-separator has-alpha-channel-opacity\"\/>\n\n\n\n<div style=\"height:50px\" aria-hidden=\"true\" class=\"wp-block-spacer\"><\/div>\n\n\n<script type=\"text\/javascript\">\n\/* <![CDATA[ *\/\nvar gform;gform||(document.addEventListener(\"gform_main_scripts_loaded\",function(){gform.scriptsLoaded=!0}),document.addEventListener(\"gform\/theme\/scripts_loaded\",function(){gform.themeScriptsLoaded=!0}),window.addEventListener(\"DOMContentLoaded\",function(){gform.domLoaded=!0}),gform={domLoaded:!1,scriptsLoaded:!1,themeScriptsLoaded:!1,isFormEditor:()=>\"function\"==typeof InitializeEditor,callIfLoaded:function(o){return!(!gform.domLoaded||!gform.scriptsLoaded||!gform.themeScriptsLoaded&&!gform.isFormEditor()||(gform.isFormEditor()&&console.warn(\"The use of gform.initializeOnLoaded() is deprecated in the form editor context and will be removed in Gravity Forms 3.1.\"),o(),0))},initializeOnLoaded:function(o){gform.callIfLoaded(o)||(document.addEventListener(\"gform_main_scripts_loaded\",()=>{gform.scriptsLoaded=!0,gform.callIfLoaded(o)}),document.addEventListener(\"gform\/theme\/scripts_loaded\",()=>{gform.themeScriptsLoaded=!0,gform.callIfLoaded(o)}),window.addEventListener(\"DOMContentLoaded\",()=>{gform.domLoaded=!0,gform.callIfLoaded(o)}))},hooks:{action:{},filter:{}},addAction:function(o,r,e,t){gform.addHook(\"action\",o,r,e,t)},addFilter:function(o,r,e,t){gform.addHook(\"filter\",o,r,e,t)},doAction:function(o){gform.doHook(\"action\",o,arguments)},applyFilters:function(o){return gform.doHook(\"filter\",o,arguments)},removeAction:function(o,r){gform.removeHook(\"action\",o,r)},removeFilter:function(o,r,e){gform.removeHook(\"filter\",o,r,e)},addHook:function(o,r,e,t,n){null==gform.hooks[o][r]&&(gform.hooks[o][r]=[]);var d=gform.hooks[o][r];null==n&&(n=r+\"_\"+d.length),gform.hooks[o][r].push({tag:n,callable:e,priority:t=null==t?10:t})},doHook:function(r,o,e){var t;if(e=Array.prototype.slice.call(e,1),null!=gform.hooks[r][o]&&((o=gform.hooks[r][o]).sort(function(o,r){return o.priority-r.priority}),o.forEach(function(o){\"function\"!=typeof(t=o.callable)&&(t=window[t]),\"action\"==r?t.apply(null,e):e[0]=t.apply(null,e)})),\"filter\"==r)return e[0]},removeHook:function(o,r,t,n){var e;null!=gform.hooks[o][r]&&(e=(e=gform.hooks[o][r]).filter(function(o,r,e){return!!(null!=n&&n!=o.tag||null!=t&&t!=o.priority)}),gform.hooks[o][r]=e)}});\n\/* ]]> *\/\n<\/script>\n\n                <div class='gf_browser_gecko gform_wrapper gravity-theme gform-theme--no-framework js-gform_wrapper' data-form-theme='gravity-theme' data-form-index='0' id='gform_wrapper_24' >\n                        <div class='gform_heading'>\n                            <p class='gform_description'>*  indique les champs n\u00e9cessaires<\/p>\n\t\t\t\t\t\t\t<p class='gform_required_legend'>\u00ab\u00a0<span class=\"gfield_required gfield_required_asterisk\">*<\/span>\u00a0\u00bb indique les champs n\u00e9cessaires<\/p>\n                        <\/div><form method='post' enctype='multipart\/form-data'  id='gform_24' class=' js-gform' action='\/fr\/wp-json\/wp\/v2\/pages\/12105' data-formid='24' novalidate>\n                        <div class='gform-body gform_body'><div id='gform_fields_24' class='gform_fields top_label form_sublabel_below description_below validation_below'><div id=\"field_24_9\" class=\"gfield gfield--type-honeypot gform_validation_container field_sublabel_below gfield--has-description field_description_below field_validation_below gfield_visibility_visible\"  ><label class='gfield_label gform-field-label' for='input_24_9'>X\/Twitter<\/label><div class='ginput_container'><input name='input_9' id='input_24_9' type='text' value='' autocomplete='new-password'\/><\/div><div class='gfield_description' id='gfield_description_24_9'>Ce champ n\u2019est utilis\u00e9 qu\u2019\u00e0 des fins de validation et devrait rester inchang\u00e9.<\/div><\/div><div id=\"field_24_3\" class=\"gfield gfield--type-text gfield--input-type-text gfield--width-full js-gfield gfield_contains_required field_sublabel_below gfield--no-description field_description_below field_validation_below gfield_visibility_visible\"  ><label class='gfield_label gform-field-label' for='input_24_3'>Entreprise *<span class=\"gfield_required\"><span class=\"gfield_required gfield_required_asterisk\">*<\/span><\/span><\/label><div class='ginput_container ginput_container_text'><input name='input_3' id='input_24_3' type='text' value='' class='large'     aria-required=\"true\" aria-invalid=\"false\"   \/><\/div><\/div><div id=\"field_24_7\" class=\"gfield gfield--type-text gfield--input-type-text gfield--width-half js-gfield gfield_contains_required field_sublabel_below gfield--no-description field_description_below field_validation_below gfield_visibility_visible\"  ><label class='gfield_label gform-field-label' for='input_24_7'>Nom *<span class=\"gfield_required\"><span class=\"gfield_required gfield_required_asterisk\">*<\/span><\/span><\/label><div class='ginput_container ginput_container_text'><input name='input_7' id='input_24_7' type='text' value='' class='large'     aria-required=\"true\" aria-invalid=\"false\"   \/><\/div><\/div><div id=\"field_24_4\" class=\"gfield gfield--type-text gfield--input-type-text gfield--width-half js-gfield gfield_contains_required field_sublabel_below gfield--no-description field_description_below field_validation_below gfield_visibility_visible\"  ><label class='gfield_label gform-field-label' for='input_24_4'>Pr\u00e9nom *<span class=\"gfield_required\"><span class=\"gfield_required gfield_required_asterisk\">*<\/span><\/span><\/label><div class='ginput_container ginput_container_text'><input name='input_4' id='input_24_4' type='text' value='' class='large'     aria-required=\"true\" aria-invalid=\"false\"   \/><\/div><\/div><div id=\"field_24_2\" class=\"gfield gfield--type-email gfield--input-type-email gfield--width-full js-gfield gfield_contains_required field_sublabel_below gfield--no-description field_description_below field_validation_below gfield_visibility_visible\"  ><label class='gfield_label gform-field-label' for='input_24_2'>E-mail *<span class=\"gfield_required\"><span class=\"gfield_required gfield_required_asterisk\">*<\/span><\/span><\/label><div class='ginput_container ginput_container_email'>\n                            <input name='input_2' id='input_24_2' type='email' value='' class='large'    aria-required=\"true\" aria-invalid=\"false\"  \/>\n                        <\/div><\/div><div id=\"field_24_8\" class=\"gfield gfield--type-phone gfield--input-type-phone gfield--width-full js-gfield gfield_contains_required field_sublabel_below gfield--no-description field_description_below field_validation_below gfield_visibility_visible\"  ><label class='gfield_label gform-field-label' for='input_24_8'>Num\u00e9ro de t\u00e9l\u00e9phone *<span class=\"gfield_required\"><span class=\"gfield_required gfield_required_asterisk\">*<\/span><\/span><\/label><div class='ginput_container ginput_container_phone'><input name='input_8' id='input_24_8' type='tel' value='' class='large'   aria-required=\"true\" aria-invalid=\"false\"   \/><\/div><\/div><\/div><\/div>\n        <div class='gform-footer gform_footer top_label'> <input type='submit' id='gform_submit_button_24' class='gform_button button' onclick='gform.submission.handleButtonClick(this);' data-submission-type='submit' value='Envoyer'  \/> \n            <input type='hidden' class='gform_hidden' name='gform_submission_method' data-js='gform_submission_method_24' value='postback' \/>\n            <input type='hidden' class='gform_hidden' name='gform_theme' data-js='gform_theme_24' id='gform_theme_24' value='gravity-theme' \/>\n            <input type='hidden' class='gform_hidden' name='gform_style_settings' data-js='gform_style_settings_24' id='gform_style_settings_24' value='{&quot;inputPrimaryColor&quot;:&quot;#204ce5&quot;}' \/>\n            <input type='hidden' class='gform_hidden' name='is_submit_24' value='1' \/>\n            <input type='hidden' class='gform_hidden' name='gform_submit' value='24' \/>\n            \n            <input type='hidden' class='gform_hidden' name='gform_currency' data-currency='EUR' value='lJiXVTv6slXoWfIMSvBOBp\/l024g53ALUXWzvwZoVcDhEXk0Frz5w1j3L63hXxrJPFhnavRcpbYdzwKU5LtMkFBPVCRNMbzZ1xRWQzhY38Zi+WE=' \/>\n            <input type='hidden' class='gform_hidden' name='gform_unique_id' value='' \/>\n            <input type='hidden' class='gform_hidden' name='state_24' value='WyJbXSIsIjkwOThiYjUyOWY2ZDJkOWJjODE5MWJmMmNhZWEwYmU1Il0=' \/>\n            <input type='hidden' autocomplete='off' class='gform_hidden' name='gform_target_page_number_24' id='gform_target_page_number_24' value='0' \/>\n            <input type='hidden' autocomplete='off' class='gform_hidden' name='gform_source_page_number_24' id='gform_source_page_number_24' value='1' \/>\n            <input type='hidden' name='gform_field_values' value='' \/>\n            \n        <\/div>\n                        <\/form>\n                        <\/div><script type=\"text\/javascript\">\n\/* <![CDATA[ *\/\n gform.initializeOnLoaded( function() {gformInitSpinner( 24, 'https:\/\/trustmedia.be\/wp-content\/plugins\/gravityforms\/images\/spinner.svg', true );jQuery('#gform_ajax_frame_24').on('load',function(){var contents = jQuery(this).contents().find('*').html();var is_postback = contents.indexOf('GF_AJAX_POSTBACK') >= 0;if(!is_postback){return;}var form_content = jQuery(this).contents().find('#gform_wrapper_24');var is_confirmation = jQuery(this).contents().find('#gform_confirmation_wrapper_24').length > 0;var is_redirect = contents.indexOf('gformRedirect(){') >= 0;var is_form = form_content.length > 0 && ! is_redirect && ! is_confirmation;var mt = parseInt(jQuery('html').css('margin-top'), 10) + parseInt(jQuery('body').css('margin-top'), 10) + 100;if(is_form){jQuery('#gform_wrapper_24').html(form_content.html());if(form_content.hasClass('gform_validation_error')){jQuery('#gform_wrapper_24').addClass('gform_validation_error');} else {jQuery('#gform_wrapper_24').removeClass('gform_validation_error');}setTimeout( function() { \/* delay the scroll by 50 milliseconds to fix a bug in chrome *\/  }, 50 );if(window['gformInitDatepicker']) {gformInitDatepicker();}if(window['gformInitPriceFields']) {gformInitPriceFields();}var current_page = jQuery('#gform_source_page_number_24').val();gformInitSpinner( 24, 'https:\/\/trustmedia.be\/wp-content\/plugins\/gravityforms\/images\/spinner.svg', true );jQuery(document).trigger('gform_page_loaded', [24, current_page]);window['gf_submitting_24'] = false;}else if(!is_redirect){var confirmation_content = jQuery(this).contents().find('.GF_AJAX_POSTBACK').html();if(!confirmation_content){confirmation_content = contents;}jQuery('#gform_wrapper_24').replaceWith(confirmation_content);jQuery(document).trigger('gform_confirmation_loaded', [24]);window['gf_submitting_24'] = false;wp.a11y.speak(jQuery('#gform_confirmation_message_24').text());}else{jQuery('#gform_24').append(contents);if(window['gformRedirect']) {gformRedirect();}}jQuery(document).trigger(\"gform_pre_post_render\", [{ formId: \"24\", currentPage: \"current_page\", abort: function() { this.preventDefault(); } }]);        if (event && event.defaultPrevented) {                return;        }        const gformWrapperDiv = document.getElementById( \"gform_wrapper_24\" );        if ( gformWrapperDiv ) {            const visibilitySpan = document.createElement( \"span\" );            visibilitySpan.id = \"gform_visibility_test_24\";            gformWrapperDiv.insertAdjacentElement( \"afterend\", visibilitySpan );        }        const visibilityTestDiv = document.getElementById( \"gform_visibility_test_24\" );        let postRenderFired = false;        function triggerPostRender() {            if ( postRenderFired ) {                return;            }            postRenderFired = true;            gform.core.triggerPostRenderEvents( 24, current_page );            if ( visibilityTestDiv ) {                visibilityTestDiv.parentNode.removeChild( visibilityTestDiv );            }        }        function debounce( func, wait, immediate ) {            var timeout;            return function() {                var context = this, args = arguments;                var later = function() {                    timeout = null;                    if ( !immediate ) func.apply( context, args );                };                var callNow = immediate && !timeout;                clearTimeout( timeout );                timeout = setTimeout( later, wait );                if ( callNow ) func.apply( context, args );            };        }        const debouncedTriggerPostRender = debounce( function() {            triggerPostRender();        }, 200 );        if ( visibilityTestDiv && visibilityTestDiv.offsetParent === null ) {            const observer = new MutationObserver( ( mutations ) => {                mutations.forEach( ( mutation ) => {                    if ( mutation.type === 'attributes' && visibilityTestDiv.offsetParent !== null ) {                        debouncedTriggerPostRender();                        observer.disconnect();                    }                });            });            observer.observe( document.body, {                attributes: true,                childList: false,                subtree: true,                attributeFilter: [ 'style', 'class' ],            });        } else {            triggerPostRender();        }    } );} ); \n\/* ]]> *\/\n<\/script>\n\n\n\n<div style=\"height:100px\" aria-hidden=\"true\" class=\"wp-block-spacer\"><\/div>\n\n\n\n<style>\np.gform_required_legend, .gfield_required_asterisk{display:none!important}\n\n\n#field_24_9.gfield.gfield--type-honeypot.gform_validation_container {display:none!important}\n\n\n\n<\/style>\n","protected":false},"excerpt":{"rendered":"<p>Que signifie l\u2019intelligence artificielle pour votre organisation ? En quoi votre expertise en mati\u00e8re d\u2019intelligence artificielle peut-elle \u00eatre utile \u00e0 d&rsquo;autres organisations ?\u00a0 Partagez vos id\u00e9es et expertises pendant la semaine de l\u2019IA de Tijd Connect | Echo Connect.\u00a0\u00a0 Laissez-nous vos coordonn\u00e9es et nous vous contacterons pour discuter des possibilit\u00e9s.\u00a0<\/p>\n","protected":false},"author":5,"featured_media":0,"parent":0,"menu_order":0,"comment_status":"closed","ping_status":"closed","template":"","meta":{"_acf_changed":false,"footnotes":""},"class_list":["post-12105","page","type-page","status-publish","hentry"],"acf":[],"yoast_head":"<!-- This site is optimized with the Yoast SEO plugin v27.4 - https:\/\/yoast.com\/product\/yoast-seo-wordpress\/ -->\n<title>semaine IA - Trustmedia<\/title>\n<meta name=\"robots\" content=\"index, follow, max-snippet:-1, max-image-preview:large, max-video-preview:-1\" \/>\n<link rel=\"canonical\" href=\"https:\/\/trustmedia.be\/fr\/semaine-ia\/\" \/>\n<meta property=\"og:locale\" content=\"fr_FR\" \/>\n<meta property=\"og:type\" content=\"article\" \/>\n<meta property=\"og:title\" content=\"semaine IA - Trustmedia\" \/>\n<meta property=\"og:description\" content=\"Que signifie l\u2019intelligence artificielle pour votre organisation ? En quoi votre expertise en mati\u00e8re d\u2019intelligence artificielle peut-elle \u00eatre utile \u00e0 d&rsquo;autres organisations ?\u00a0 Partagez vos id\u00e9es et expertises pendant la semaine de l\u2019IA de Tijd Connect | Echo Connect.\u00a0\u00a0 Laissez-nous vos coordonn\u00e9es et nous vous contacterons pour discuter des possibilit\u00e9s.\u00a0\" \/>\n<meta property=\"og:url\" content=\"https:\/\/trustmedia.be\/fr\/semaine-ia\/\" \/>\n<meta property=\"og:site_name\" content=\"Trustmedia\" \/>\n<meta property=\"article:modified_time\" content=\"2024-10-08T15:09:43+00:00\" \/>\n<meta property=\"og:image\" content=\"https:\/\/trustmedia.be\/media\/241008_AIweek_1200_online2-2-1320x227.png\" \/>\n<meta name=\"twitter:card\" content=\"summary_large_image\" \/>\n<meta name=\"twitter:label1\" content=\"Dur\u00e9e de lecture estim\u00e9e\" \/>\n\t<meta name=\"twitter:data1\" content=\"1 minute\" \/>\n<script type=\"application\/ld+json\" class=\"yoast-schema-graph\">{\"@context\":\"https:\\\/\\\/schema.org\",\"@graph\":[{\"@type\":\"WebPage\",\"@id\":\"https:\\\/\\\/trustmedia.be\\\/fr\\\/semaine-ia\\\/\",\"url\":\"https:\\\/\\\/trustmedia.be\\\/fr\\\/semaine-ia\\\/\",\"name\":\"semaine IA - Trustmedia\",\"isPartOf\":{\"@id\":\"https:\\\/\\\/trustmedia.be\\\/#website\"},\"primaryImageOfPage\":{\"@id\":\"https:\\\/\\\/trustmedia.be\\\/fr\\\/semaine-ia\\\/#primaryimage\"},\"image\":{\"@id\":\"https:\\\/\\\/trustmedia.be\\\/fr\\\/semaine-ia\\\/#primaryimage\"},\"thumbnailUrl\":\"https:\\\/\\\/trustmedia.be\\\/media\\\/241008_AIweek_1200_online2-2-1320x227.png\",\"datePublished\":\"2024-10-08T09:57:07+00:00\",\"dateModified\":\"2024-10-08T15:09:43+00:00\",\"breadcrumb\":{\"@id\":\"https:\\\/\\\/trustmedia.be\\\/fr\\\/semaine-ia\\\/#breadcrumb\"},\"inLanguage\":\"fr-FR\",\"potentialAction\":[{\"@type\":\"ReadAction\",\"target\":[\"https:\\\/\\\/trustmedia.be\\\/fr\\\/semaine-ia\\\/\"]}]},{\"@type\":\"ImageObject\",\"inLanguage\":\"fr-FR\",\"@id\":\"https:\\\/\\\/trustmedia.be\\\/fr\\\/semaine-ia\\\/#primaryimage\",\"url\":\"https:\\\/\\\/trustmedia.be\\\/media\\\/241008_AIweek_1200_online2-2-1320x227.png\",\"contentUrl\":\"https:\\\/\\\/trustmedia.be\\\/media\\\/241008_AIweek_1200_online2-2-1320x227.png\"},{\"@type\":\"BreadcrumbList\",\"@id\":\"https:\\\/\\\/trustmedia.be\\\/fr\\\/semaine-ia\\\/#breadcrumb\",\"itemListElement\":[{\"@type\":\"ListItem\",\"position\":1,\"name\":\"Home\",\"item\":\"https:\\\/\\\/trustmedia.be\\\/fr\\\/\"},{\"@type\":\"ListItem\",\"position\":2,\"name\":\"semaine IA\"}]},{\"@type\":\"WebSite\",\"@id\":\"https:\\\/\\\/trustmedia.be\\\/#website\",\"url\":\"https:\\\/\\\/trustmedia.be\\\/\",\"name\":\"Trustmedia\",\"description\":\"\",\"publisher\":{\"@id\":\"https:\\\/\\\/trustmedia.be\\\/#organization\"},\"potentialAction\":[{\"@type\":\"SearchAction\",\"target\":{\"@type\":\"EntryPoint\",\"urlTemplate\":\"https:\\\/\\\/trustmedia.be\\\/?s={search_term_string}\"},\"query-input\":{\"@type\":\"PropertyValueSpecification\",\"valueRequired\":true,\"valueName\":\"search_term_string\"}}],\"inLanguage\":\"fr-FR\"},{\"@type\":\"Organization\",\"@id\":\"https:\\\/\\\/trustmedia.be\\\/#organization\",\"name\":\"Trustmedia\",\"url\":\"https:\\\/\\\/trustmedia.be\\\/\",\"logo\":{\"@type\":\"ImageObject\",\"inLanguage\":\"fr-FR\",\"@id\":\"https:\\\/\\\/trustmedia.be\\\/#\\\/schema\\\/logo\\\/image\\\/\",\"url\":\"https:\\\/\\\/trustmedia.be\\\/media\\\/trustmedia.svg\",\"contentUrl\":\"https:\\\/\\\/trustmedia.be\\\/media\\\/trustmedia.svg\",\"caption\":\"Trustmedia\"},\"image\":{\"@id\":\"https:\\\/\\\/trustmedia.be\\\/#\\\/schema\\\/logo\\\/image\\\/\"}}]}<\/script>\n<!-- \/ Yoast SEO plugin. -->","yoast_head_json":{"title":"semaine IA - Trustmedia","robots":{"index":"index","follow":"follow","max-snippet":"max-snippet:-1","max-image-preview":"max-image-preview:large","max-video-preview":"max-video-preview:-1"},"canonical":"https:\/\/trustmedia.be\/fr\/semaine-ia\/","og_locale":"fr_FR","og_type":"article","og_title":"semaine IA - Trustmedia","og_description":"Que signifie l\u2019intelligence artificielle pour votre organisation ? En quoi votre expertise en mati\u00e8re d\u2019intelligence artificielle peut-elle \u00eatre utile \u00e0 d&rsquo;autres organisations ?\u00a0 Partagez vos id\u00e9es et expertises pendant la semaine de l\u2019IA de Tijd Connect | Echo Connect.\u00a0\u00a0 Laissez-nous vos coordonn\u00e9es et nous vous contacterons pour discuter des possibilit\u00e9s.\u00a0","og_url":"https:\/\/trustmedia.be\/fr\/semaine-ia\/","og_site_name":"Trustmedia","article_modified_time":"2024-10-08T15:09:43+00:00","og_image":[{"url":"https:\/\/trustmedia.be\/media\/241008_AIweek_1200_online2-2-1320x227.png","type":"","width":"","height":""}],"twitter_card":"summary_large_image","twitter_misc":{"Dur\u00e9e de lecture estim\u00e9e":"1 minute"},"schema":{"@context":"https:\/\/schema.org","@graph":[{"@type":"WebPage","@id":"https:\/\/trustmedia.be\/fr\/semaine-ia\/","url":"https:\/\/trustmedia.be\/fr\/semaine-ia\/","name":"semaine IA - Trustmedia","isPartOf":{"@id":"https:\/\/trustmedia.be\/#website"},"primaryImageOfPage":{"@id":"https:\/\/trustmedia.be\/fr\/semaine-ia\/#primaryimage"},"image":{"@id":"https:\/\/trustmedia.be\/fr\/semaine-ia\/#primaryimage"},"thumbnailUrl":"https:\/\/trustmedia.be\/media\/241008_AIweek_1200_online2-2-1320x227.png","datePublished":"2024-10-08T09:57:07+00:00","dateModified":"2024-10-08T15:09:43+00:00","breadcrumb":{"@id":"https:\/\/trustmedia.be\/fr\/semaine-ia\/#breadcrumb"},"inLanguage":"fr-FR","potentialAction":[{"@type":"ReadAction","target":["https:\/\/trustmedia.be\/fr\/semaine-ia\/"]}]},{"@type":"ImageObject","inLanguage":"fr-FR","@id":"https:\/\/trustmedia.be\/fr\/semaine-ia\/#primaryimage","url":"https:\/\/trustmedia.be\/media\/241008_AIweek_1200_online2-2-1320x227.png","contentUrl":"https:\/\/trustmedia.be\/media\/241008_AIweek_1200_online2-2-1320x227.png"},{"@type":"BreadcrumbList","@id":"https:\/\/trustmedia.be\/fr\/semaine-ia\/#breadcrumb","itemListElement":[{"@type":"ListItem","position":1,"name":"Home","item":"https:\/\/trustmedia.be\/fr\/"},{"@type":"ListItem","position":2,"name":"semaine IA"}]},{"@type":"WebSite","@id":"https:\/\/trustmedia.be\/#website","url":"https:\/\/trustmedia.be\/","name":"Trustmedia","description":"","publisher":{"@id":"https:\/\/trustmedia.be\/#organization"},"potentialAction":[{"@type":"SearchAction","target":{"@type":"EntryPoint","urlTemplate":"https:\/\/trustmedia.be\/?s={search_term_string}"},"query-input":{"@type":"PropertyValueSpecification","valueRequired":true,"valueName":"search_term_string"}}],"inLanguage":"fr-FR"},{"@type":"Organization","@id":"https:\/\/trustmedia.be\/#organization","name":"Trustmedia","url":"https:\/\/trustmedia.be\/","logo":{"@type":"ImageObject","inLanguage":"fr-FR","@id":"https:\/\/trustmedia.be\/#\/schema\/logo\/image\/","url":"https:\/\/trustmedia.be\/media\/trustmedia.svg","contentUrl":"https:\/\/trustmedia.be\/media\/trustmedia.svg","caption":"Trustmedia"},"image":{"@id":"https:\/\/trustmedia.be\/#\/schema\/logo\/image\/"}}]}},"_links":{"self":[{"href":"https:\/\/trustmedia.be\/fr\/wp-json\/wp\/v2\/pages\/12105","targetHints":{"allow":["GET"]}}],"collection":[{"href":"https:\/\/trustmedia.be\/fr\/wp-json\/wp\/v2\/pages"}],"about":[{"href":"https:\/\/trustmedia.be\/fr\/wp-json\/wp\/v2\/types\/page"}],"author":[{"embeddable":true,"href":"https:\/\/trustmedia.be\/fr\/wp-json\/wp\/v2\/users\/5"}],"replies":[{"embeddable":true,"href":"https:\/\/trustmedia.be\/fr\/wp-json\/wp\/v2\/comments?post=12105"}],"version-history":[{"count":3,"href":"https:\/\/trustmedia.be\/fr\/wp-json\/wp\/v2\/pages\/12105\/revisions"}],"predecessor-version":[{"id":12142,"href":"https:\/\/trustmedia.be\/fr\/wp-json\/wp\/v2\/pages\/12105\/revisions\/12142"}],"wp:attachment":[{"href":"https:\/\/trustmedia.be\/fr\/wp-json\/wp\/v2\/media?parent=12105"}],"curies":[{"name":"wp","href":"https:\/\/api.w.org\/{rel}","templated":true}]}}